{"id":849,"date":"2026-01-17T12:10:45","date_gmt":"2026-01-17T11:10:45","guid":{"rendered":"https:\/\/www.musicabedoin.org\/?page_id=849"},"modified":"2026-02-20T12:06:44","modified_gmt":"2026-02-20T11:06:44","slug":"annee-2026","status":"publish","type":"page","link":"https:\/\/www.musicabedoin.org\/index.php\/annee-2026\/","title":{"rendered":"Ann\u00e9e 2026"},"content":{"rendered":"\t\t<div data-elementor-type=\"wp-page\" data-elementor-id=\"849\" class=\"elementor elementor-849\">\n\t\t\t\t\t\t\t\t\t<section class=\"elementor-section elementor-top-section elementor-element elementor-element-755c584 elementor-section-stretched elementor-section-boxed elementor-section-height-default elementor-section-height-default\" data-id=\"755c584\" data-element_type=\"section\" data-settings=\"{&quot;stretch_section&quot;:&quot;section-stretched&quot;}\">\n\t\t\t\t\t\t<div class=\"elementor-container elementor-column-gap-default\">\n\t\t\t\t\t<div class=\"elementor-column elementor-col-100 elementor-top-column elementor-element elementor-element-493c3f4\" data-id=\"493c3f4\" data-element_type=\"column\">\n\t\t\t<div class=\"elementor-widget-wrap elementor-element-populated\">\n\t\t\t\t\t\t\t\t<div class=\"elementor-element elementor-element-3c8c944 elementor-widget elementor-widget-heading\" data-id=\"3c8c944\" data-element_type=\"widget\" data-widget_type=\"heading.default\">\n\t\t\t\t<div class=\"elementor-widget-container\">\n\t\t\t<style>\/*! elementor - v3.15.0 - 20-08-2023 *\/\n.elementor-heading-title{padding:0;margin:0;line-height:1}.elementor-widget-heading .elementor-heading-title[class*=elementor-size-]>a{color:inherit;font-size:inherit;line-height:inherit}.elementor-widget-heading .elementor-heading-title.elementor-size-small{font-size:15px}.elementor-widget-heading .elementor-heading-title.elementor-size-medium{font-size:19px}.elementor-widget-heading .elementor-heading-title.elementor-size-large{font-size:29px}.elementor-widget-heading .elementor-heading-title.elementor-size-xl{font-size:39px}.elementor-widget-heading .elementor-heading-title.elementor-size-xxl{font-size:59px}<\/style><h2 class=\"elementor-heading-title elementor-size-default\">Le programme de Musica B\u00e9doin en 2026<\/h2>\t\t<\/div>\n\t\t\t\t<\/div>\n\t\t\t\t\t<\/div>\n\t\t<\/div>\n\t\t\t\t\t\t\t<\/div>\n\t\t<\/section>\n\t\t\t\t<section class=\"elementor-section elementor-top-section elementor-element elementor-element-9d3ac56 elementor-section-stretched elementor-section-boxed elementor-section-height-default elementor-section-height-default\" data-id=\"9d3ac56\" data-element_type=\"section\" data-settings=\"{&quot;stretch_section&quot;:&quot;section-stretched&quot;}\">\n\t\t\t\t\t\t<div class=\"elementor-container elementor-column-gap-default\">\n\t\t\t\t\t<div class=\"elementor-column elementor-col-50 elementor-top-column elementor-element elementor-element-9b33b1e\" data-id=\"9b33b1e\" data-element_type=\"column\">\n\t\t\t<div class=\"elementor-widget-wrap elementor-element-populated\">\n\t\t\t\t\t\t\t\t<div class=\"elementor-element elementor-element-3e4095a elementor-widget elementor-widget-image\" data-id=\"3e4095a\" data-element_type=\"widget\" data-widget_type=\"image.default\">\n\t\t\t\t<div class=\"elementor-widget-container\">\n\t\t\t<style>\/*! elementor - v3.15.0 - 20-08-2023 *\/\n.elementor-widget-image{text-align:center}.elementor-widget-image a{display:inline-block}.elementor-widget-image a img[src$=\".svg\"]{width:48px}.elementor-widget-image img{vertical-align:middle;display:inline-block}<\/style>\t\t\t\t\t\t\t\t\t\t\t\t<img loading=\"lazy\" decoding=\"async\" width=\"1024\" height=\"681\" src=\"https:\/\/www.musicabedoin.org\/wp-content\/uploads\/2026\/02\/260131_bedoin_concert_DSC2943-1024x681.jpg\" class=\"attachment-large size-large wp-image-881\" alt=\"\" srcset=\"https:\/\/www.musicabedoin.org\/wp-content\/uploads\/2026\/02\/260131_bedoin_concert_DSC2943-1024x681.jpg 1024w, https:\/\/www.musicabedoin.org\/wp-content\/uploads\/2026\/02\/260131_bedoin_concert_DSC2943-300x200.jpg 300w, https:\/\/www.musicabedoin.org\/wp-content\/uploads\/2026\/02\/260131_bedoin_concert_DSC2943-768x511.jpg 768w, https:\/\/www.musicabedoin.org\/wp-content\/uploads\/2026\/02\/260131_bedoin_concert_DSC2943-1536x1022.jpg 1536w, https:\/\/www.musicabedoin.org\/wp-content\/uploads\/2026\/02\/260131_bedoin_concert_DSC2943.jpg 1920w\" sizes=\"auto, (max-width: 1024px) 100vw, 1024px\" \/>\t\t\t\t\t\t\t\t\t\t\t\t\t\t\t<\/div>\n\t\t\t\t<\/div>\n\t\t\t\t\t<\/div>\n\t\t<\/div>\n\t\t\t\t<div class=\"elementor-column elementor-col-50 elementor-top-column elementor-element elementor-element-08db6de\" data-id=\"08db6de\" data-element_type=\"column\">\n\t\t\t<div class=\"elementor-widget-wrap elementor-element-populated\">\n\t\t\t\t\t\t\t\t<div class=\"elementor-element elementor-element-e50d4ed elementor-widget elementor-widget-text-editor\" data-id=\"e50d4ed\" data-element_type=\"widget\" data-widget_type=\"text-editor.default\">\n\t\t\t\t<div class=\"elementor-widget-container\">\n\t\t\t<style>\/*! elementor - v3.15.0 - 20-08-2023 *\/\n.elementor-widget-text-editor.elementor-drop-cap-view-stacked .elementor-drop-cap{background-color:#69727d;color:#fff}.elementor-widget-text-editor.elementor-drop-cap-view-framed .elementor-drop-cap{color:#69727d;border:3px solid;background-color:transparent}.elementor-widget-text-editor:not(.elementor-drop-cap-view-default) .elementor-drop-cap{margin-top:8px}.elementor-widget-text-editor:not(.elementor-drop-cap-view-default) .elementor-drop-cap-letter{width:1em;height:1em}.elementor-widget-text-editor .elementor-drop-cap{float:left;text-align:center;line-height:1;font-size:50px}.elementor-widget-text-editor .elementor-drop-cap-letter{display:inline-block}<\/style>\t\t\t\t<p>Madame, Monsieur,<\/p><p>Vous avez manqu\u00e9 un formidable moment de musique\u00a0! Ci-joint une photo souvenir du merveilleux concert offert par Sara et Yeva, accompagn\u00e9es par Olivier samedi dernier.<\/p><p>Comme beaucoup l\u2019ont demand\u00e9, voici le programme de l\u2019ann\u00e9e.<\/p><ul><li>Dimanche 26 avril, 17h, auditorium, Duo GM, deux guitares en feu<\/li><li>Dimanche 24 mai, 18h, Grange Piquet, r\u00e9cital de m\u00e9lodies par Alexandre Swan, accompagn\u00e9 au piano par Francis Squire (Schumann, Faur\u00e9, Duparc) et Gounod au cor<\/li><li>Samedi 27 juin, 20h, grange Piquet, r\u00e9cital de piano par Nima Sarketchik, Bach et Rachmaninov<\/li><li>Samedi 19 septembre, colline St Antonin, Octuor de Schubert,<\/li><li>Dimanche 8 novembre, 17h, auditorium, ensemble Th\u00e9o Pastor, musique proven\u00e7ale.<\/li><\/ul>\t\t\t\t\t\t<\/div>\n\t\t\t\t<\/div>\n\t\t\t\t\t<\/div>\n\t\t<\/div>\n\t\t\t\t\t\t\t<\/div>\n\t\t<\/section>\n\t\t\t\t<section class=\"elementor-section elementor-top-section elementor-element elementor-element-a3f8fae elementor-section-stretched elementor-section-boxed elementor-section-height-default elementor-section-height-default\" data-id=\"a3f8fae\" data-element_type=\"section\" data-settings=\"{&quot;stretch_section&quot;:&quot;section-stretched&quot;}\">\n\t\t\t\t\t\t<div class=\"elementor-container elementor-column-gap-default\">\n\t\t\t\t\t<div class=\"elementor-column elementor-col-100 elementor-top-column elementor-element elementor-element-f635bee\" data-id=\"f635bee\" data-element_type=\"column\">\n\t\t\t<div class=\"elementor-widget-wrap elementor-element-populated\">\n\t\t\t\t\t\t\t\t<div class=\"elementor-element elementor-element-12f0646 elementor-widget elementor-widget-heading\" data-id=\"12f0646\" data-element_type=\"widget\" data-widget_type=\"heading.default\">\n\t\t\t\t<div class=\"elementor-widget-container\">\n\t\t\t<h2 class=\"elementor-heading-title elementor-size-default\">Bulletin de Janvier 2026<\/h2>\t\t<\/div>\n\t\t\t\t<\/div>\n\t\t\t\t\t<\/div>\n\t\t<\/div>\n\t\t\t\t\t\t\t<\/div>\n\t\t<\/section>\n\t\t\t\t<section class=\"elementor-section elementor-top-section elementor-element elementor-element-bf5ec5f elementor-section-stretched elementor-section-boxed elementor-section-height-default elementor-section-height-default\" data-id=\"bf5ec5f\" data-element_type=\"section\" data-settings=\"{&quot;stretch_section&quot;:&quot;section-stretched&quot;}\">\n\t\t\t\t\t\t<div class=\"elementor-container elementor-column-gap-default\">\n\t\t\t\t\t<div class=\"elementor-column elementor-col-50 elementor-top-column elementor-element elementor-element-efbc9e8\" data-id=\"efbc9e8\" data-element_type=\"column\">\n\t\t\t<div class=\"elementor-widget-wrap elementor-element-populated\">\n\t\t\t\t\t\t\t\t<div class=\"elementor-element elementor-element-fb208d3 elementor-widget__width-initial elementor-widget elementor-widget-image\" data-id=\"fb208d3\" data-element_type=\"widget\" data-widget_type=\"image.default\">\n\t\t\t\t<div class=\"elementor-widget-container\">\n\t\t\t\t\t\t\t\t\t\t\t\t\t\t\t<img loading=\"lazy\" decoding=\"async\" width=\"525\" height=\"600\" src=\"https:\/\/www.musicabedoin.org\/wp-content\/uploads\/2026\/01\/Argentine.jpg\" class=\"attachment-large size-large wp-image-866\" alt=\"\" srcset=\"https:\/\/www.musicabedoin.org\/wp-content\/uploads\/2026\/01\/Argentine.jpg 525w, https:\/\/www.musicabedoin.org\/wp-content\/uploads\/2026\/01\/Argentine-263x300.jpg 263w\" sizes=\"auto, (max-width: 525px) 100vw, 525px\" \/>\t\t\t\t\t\t\t\t\t\t\t\t\t\t\t<\/div>\n\t\t\t\t<\/div>\n\t\t\t\t\t<\/div>\n\t\t<\/div>\n\t\t\t\t<div class=\"elementor-column elementor-col-50 elementor-top-column elementor-element elementor-element-f0b9aab\" data-id=\"f0b9aab\" data-element_type=\"column\">\n\t\t\t<div class=\"elementor-widget-wrap elementor-element-populated\">\n\t\t\t\t\t\t\t\t<div class=\"elementor-element elementor-element-dd8d32b elementor-widget elementor-widget-text-editor\" data-id=\"dd8d32b\" data-element_type=\"widget\" data-widget_type=\"text-editor.default\">\n\t\t\t\t<div class=\"elementor-widget-container\">\n\t\t\t\t\t\t\t<p>Madame, Monsieur,<\/p><p>Au nom de toute l\u2019\u00e9quipe de Musica B\u00e9doin, permettez moi de vous souhaiter, ainsi qu\u2019\u00e0 vos proches, la meilleure ann\u00e9e 2023 possible.<\/p><p>Qu\u2019elle vous accorde la sant\u00e9, le joie et la lumi\u00e8re dans vos c\u0153urs.<\/p><p>Et pour cela, la musique ne sera pas pour rien. Le programme de l\u2019ann\u00e9e 2026 est pr\u00eat, r\u00e9solument classique, Bach, Duparc, Faur\u00e9, Gounod, Komitas, Schubert, Rachmaninov, entre autres seront au programme.<\/p><p>Vous en saurez plus lors de notre AG du 31 janvier, qui pr\u00e9c\u00e8dera, tradition oblige, le premier concert de l\u2019ann\u00e9e, au centre culturel de B\u00e9doin.<\/p><p>Pour ce premier bulletin de l\u2019ann\u00e9e, j\u2019aimerais vous faire d\u00e9couvrir Sergei Bortkiewicz (1877 \u2013 1952), d\u2019origine polonaise, puis citoyen autrichien. Vous retrouverez sans mal des m\u00e9lodies que Rachmaninov n\u2019aurait pas reni\u00e9\u00a0! Je vous propose le 2d concerto, pour la main gauche (\u00e0 l\u2019\u00e9coute il faut le savoir).<\/p><p><a href=\"https:\/\/www.youtube.com\/watch?v=HO5xUkrXbxo&amp;list=RDHO5xUkrXbxo&amp;start_radio=1\">Sergei Bortkiewicz &#8211; Piano Concerto No. 2, Op. 28 (audio + sheet music) &#8211; YouTube<\/a><\/p><p>De quoi s\u2019\u00e9vader o\u00f9 vous voudrez\u00a0! (ci-contre en Argentine)<\/p><p>En attendant de vous revoir, je vous souhaite un excellent mois de janvier.<\/p><p>Votre d\u00e9vou\u00e9,<\/p>\t\t\t\t\t\t<\/div>\n\t\t\t\t<\/div>\n\t\t\t\t\t<\/div>\n\t\t<\/div>\n\t\t\t\t\t\t\t<\/div>\n\t\t<\/section>\n\t\t\t\t\t\t\t<\/div>\n\t\t","protected":false},"excerpt":{"rendered":"<p>Le programme de Musica B\u00e9doin en 2026 Madame, Monsieur, Vous avez manqu\u00e9 un formidable moment de musique\u00a0! Ci-joint une photo souvenir du merveilleux concert offert par Sara et Yeva, accompagn\u00e9es par Olivier samedi dernier. Comme beaucoup l\u2019ont demand\u00e9, voici le programme de l\u2019ann\u00e9e. Dimanche 26 avril, 17h, auditorium, Duo GM, deux guitares en feu Dimanche [&hellip;]<\/p>\n","protected":false},"author":1,"featured_media":0,"parent":0,"menu_order":0,"comment_status":"closed","ping_status":"closed","template":"","meta":{"footnotes":""},"class_list":["post-849","page","type-page","status-publish","hentry","entry"],"_links":{"self":[{"href":"https:\/\/www.musicabedoin.org\/index.php\/wp-json\/wp\/v2\/pages\/849","targetHints":{"allow":["GET"]}}],"collection":[{"href":"https:\/\/www.musicabedoin.org\/index.php\/wp-json\/wp\/v2\/pages"}],"about":[{"href":"https:\/\/www.musicabedoin.org\/index.php\/wp-json\/wp\/v2\/types\/page"}],"author":[{"embeddable":true,"href":"https:\/\/www.musicabedoin.org\/index.php\/wp-json\/wp\/v2\/users\/1"}],"replies":[{"embeddable":true,"href":"https:\/\/www.musicabedoin.org\/index.php\/wp-json\/wp\/v2\/comments?post=849"}],"version-history":[{"count":4,"href":"https:\/\/www.musicabedoin.org\/index.php\/wp-json\/wp\/v2\/pages\/849\/revisions"}],"predecessor-version":[{"id":885,"href":"https:\/\/www.musicabedoin.org\/index.php\/wp-json\/wp\/v2\/pages\/849\/revisions\/885"}],"wp:attachment":[{"href":"https:\/\/www.musicabedoin.org\/index.php\/wp-json\/wp\/v2\/media?parent=849"}],"curies":[{"name":"wp","href":"https:\/\/api.w.org\/{rel}","templated":true}]}}